{"id":13990,"date":"2024-04-28T15:47:21","date_gmt":"2024-04-28T15:47:21","guid":{"rendered":"https:\/\/www.dr-lema.de\/?page_id=13990"},"modified":"2024-04-28T16:17:51","modified_gmt":"2024-04-28T16:17:51","slug":"prp-therapie-zur-hautverjuengung","status":"publish","type":"page","link":"https:\/\/www.dr-lema.de\/en\/prp-therapie-zur-hautverjuengung\/","title":{"rendered":"PRP therapy for skin rejuvenation"},"content":{"rendered":"<div data-elementor-type=\"wp-page\" data-elementor-id=\"13990\" class=\"elementor elementor-13990\" data-elementor-post-type=\"page\">\n\t\t\t\t<div class=\"elementor-element elementor-element-522589f e-flex e-con-boxed e-con e-parent\" data-id=\"522589f\" data-element_type=\"container\" data-e-type=\"container\">\n\t\t\t\t\t<div class=\"e-con-inner\">\n\t\t\t\t<div class=\"elementor-element elementor-element-cb9cbff elementor-widget elementor-widget-text-editor\" data-id=\"cb9cbff\" data-element_type=\"widget\" data-e-type=\"widget\" data-widget_type=\"text-editor.default\">\n\t\t\t\t<div class=\"elementor-widget-container\">\n\t\t\t\t\t\t\t\t\t<p><span style=\"color: #a28764;\"><a style=\"color: #a28764;\" href=\"https:\/\/www.dr-lema.de\/en\/\">HOME<\/a><\/span> &gt; <span style=\"color: #a28764;\"><a style=\"color: #a28764;\" href=\"https:\/\/www.dr-lema.de\/en\/hyaluron\/\">Hyaluron<\/a><\/span> &gt; Treating dark circles with hyaluronic acid<\/p>\t\t\t\t\t\t\t\t<\/div>\n\t\t\t\t<\/div>\n\t\t\t\t\t<\/div>\n\t\t\t\t<\/div>\n\t\t<div class=\"elementor-element elementor-element-7a3f0a9 e-flex e-con-boxed e-con e-parent\" data-id=\"7a3f0a9\" data-element_type=\"container\" data-e-type=\"container\">\n\t\t\t\t\t<div class=\"e-con-inner\">\n\t\t\t\t<div class=\"elementor-element elementor-element-a37324c elementor-widget elementor-widget-image\" data-id=\"a37324c\" data-element_type=\"widget\" data-e-type=\"widget\" data-widget_type=\"image.default\">\n\t\t\t\t<div class=\"elementor-widget-container\">\n\t\t\t\t\t\t\t\t\t\t\t\t\t\t\t<img fetchpriority=\"high\" decoding=\"async\" width=\"1024\" height=\"682\" src=\"https:\/\/www.dr-lema.de\/wp-content\/uploads\/2024\/04\/AdobeStock_269461733_Easy-Resize.com_-1024x682.jpg\" class=\"attachment-large size-large wp-image-14003\" alt=\"PRP Behandlung zur Hautverj\u00fcngung\" srcset=\"https:\/\/www.dr-lema.de\/wp-content\/uploads\/2024\/04\/AdobeStock_269461733_Easy-Resize.com_-1024x682.jpg 1024w, https:\/\/www.dr-lema.de\/wp-content\/uploads\/2024\/04\/AdobeStock_269461733_Easy-Resize.com_-300x200.jpg 300w, https:\/\/www.dr-lema.de\/wp-content\/uploads\/2024\/04\/AdobeStock_269461733_Easy-Resize.com_-768x512.jpg 768w, https:\/\/www.dr-lema.de\/wp-content\/uploads\/2024\/04\/AdobeStock_269461733_Easy-Resize.com_.jpg 1280w\" sizes=\"(max-width: 1024px) 100vw, 1024px\" \/>\t\t\t\t\t\t\t\t\t\t\t\t\t\t\t<\/div>\n\t\t\t\t<\/div>\n\t\t\t\t\t<\/div>\n\t\t\t\t<\/div>\n\t\t<div class=\"elementor-element elementor-element-a50ba7c e-flex e-con-boxed e-con e-parent\" data-id=\"a50ba7c\" data-element_type=\"container\" data-e-type=\"container\">\n\t\t\t\t\t<div class=\"e-con-inner\">\n\t\t<div class=\"elementor-element elementor-element-e3b7256 e-flex e-con-boxed e-con e-child\" data-id=\"e3b7256\" data-element_type=\"container\" data-e-type=\"container\" data-settings=\"{&quot;background_background&quot;:&quot;classic&quot;}\">\n\t\t\t\t\t<div class=\"e-con-inner\">\n\t\t\t\t<div class=\"elementor-element elementor-element-dcdb093 elementor-widget elementor-widget-text-editor\" data-id=\"dcdb093\" data-element_type=\"widget\" data-e-type=\"widget\" data-widget_type=\"text-editor.default\">\n\t\t\t\t<div class=\"elementor-widget-container\">\n\t\t\t\t\t\t\t\t\t<p>DR. LEMA TREATMENTS<\/p>\t\t\t\t\t\t\t\t<\/div>\n\t\t\t\t<\/div>\n\t\t\t\t<div class=\"elementor-element elementor-element-a09b973 elementor-widget elementor-widget-heading\" data-id=\"a09b973\" data-element_type=\"widget\" data-e-type=\"widget\" data-widget_type=\"heading.default\">\n\t\t\t\t<div class=\"elementor-widget-container\">\n\t\t\t\t\t<h1 class=\"elementor-heading-title elementor-size-default\">PRP THERAPY FOR SKIN REJUVENATION IN FRANKFURT\n\n\n\n\n<\/h1>\t\t\t\t<\/div>\n\t\t\t\t<\/div>\n\t\t\t\t<div class=\"elementor-element elementor-element-6ae65e2 elementor-widget elementor-widget-text-editor\" data-id=\"6ae65e2\" data-element_type=\"widget\" data-e-type=\"widget\" data-widget_type=\"text-editor.default\">\n\t\t\t\t<div class=\"elementor-widget-container\">\n\t\t\t\t\t\t\t\t\t<p>PRP treatment, also known as a vampire lift, is now a common non-surgical method for wrinkle reduction and skin rejuvenation. It works with platelet-rich plasma (PRP), which is obtained from the patient's own blood. This serum contains a high concentration of growth factors and proteins that stimulate the skin's natural self-healing processes and contribute to regeneration.<\/p><h2><span style=\"color: #54595f;\"><strong>How does the treatment work?<\/strong><\/span><\/h2><p>During PRP therapy, a small amount of blood is first taken from the patient after they have received detailed advice from our expert. The patient's own blood then undergoes a special preparation in which it is placed in a patented gel and then centrifuged. This centrifugation separates the red blood cells (erythrocytes) from the platelets (thrombocytes), the latter being essential for the treatment. The platelets contain numerous growth factors that stimulate cell renewal.<\/p><p>After this preparation, the PRP concentrate can be applied in various ways. The platelet-rich plasma (PRP) is often injected into the area to be treated using a fine cannula. The exact procedure is discussed in a personal consultation between the doctor and patient in order to determine the best method for the individual patient.<\/p><p>In contrast to other aesthetic procedures such as Botox or hyaluronic acid, PRP activates the body's own healing mechanisms to promote the formation of new cells. This naturally leads to a fresher and more youthful appearance.<\/p><p>PRP treatment with Dr. Lema in Frankfurt offers a wide range of applications. In addition to wrinkle reduction in the face and neck area, PRP can also be used for <a href=\"https:\/\/www.dr-lema.de\/en\/prp-therapie-gegen-haarausfall-frankfurt\/\">Promotion of hair growth<\/a>The treatment can also be used to improve scars and stretch marks as well as in orthopaedics and sports medicine.<\/p><p>Our experienced specialist carries out the treatment with precision, whether for targeted wrinkle injections, skin tightening or hair root regeneration. PRP treatment is minimally invasive and only requires a short treatment time. After the session, you are immediately fit for social life again, with no downtime.<\/p><p>Find out from Dr. Lema in Frankfurt how PRP treatment can bring out your natural beauty and make an appointment to find out more about this innovative method.<\/p>\t\t\t\t\t\t\t\t<\/div>\n\t\t\t\t<\/div>\n\t\t<div class=\"elementor-element elementor-element-bbedab1 elementor-hidden-mobile e-flex e-con-boxed e-con e-child\" data-id=\"bbedab1\" data-element_type=\"container\" data-e-type=\"container\" data-settings=\"{&quot;background_background&quot;:&quot;video&quot;,&quot;background_video_link&quot;:&quot;https:\\\/\\\/www.dr-lema.de\\\/wp-content\\\/uploads\\\/2024\\\/04\\\/AdobeStock_645624544.mp4&quot;,&quot;background_play_on_mobile&quot;:&quot;yes&quot;}\">\n\t\t\t\t\t<div class=\"e-con-inner\">\n\t\t<div class=\"elementor-background-video-container\">\n\t\t\t\t\t\t\t<video class=\"elementor-background-video-hosted\" role=\"presentation\" autoplay muted playsinline loop><\/video>\n\t\t\t\t\t<\/div>\t\t<div class=\"elementor-element elementor-element-5f86441 elementor-widget elementor-widget-spacer\" data-id=\"5f86441\" data-element_type=\"widget\" data-e-type=\"widget\" data-widget_type=\"spacer.default\">\n\t\t\t\t<div class=\"elementor-widget-container\">\n\t\t\t\t\t\t\t<div class=\"elementor-spacer\">\n\t\t\t<div class=\"elementor-spacer-inner\"><\/div>\n\t\t<\/div>\n\t\t\t\t\t\t<\/div>\n\t\t\t\t<\/div>\n\t\t\t\t\t<\/div>\n\t\t\t\t<\/div>\n\t\t\t\t\t<\/div>\n\t\t\t\t<\/div>\n\t\t\t\t\t<\/div>\n\t\t\t\t<\/div>\n\t\t<div class=\"elementor-element elementor-element-2d52e0a e-flex e-con-boxed e-con e-parent\" data-id=\"2d52e0a\" data-element_type=\"container\" data-e-type=\"container\">\n\t\t\t\t\t<div class=\"e-con-inner\">\n\t\t\t\t<div class=\"elementor-element elementor-element-df996e7 elementor-widget elementor-widget-spacer\" data-id=\"df996e7\" data-element_type=\"widget\" data-e-type=\"widget\" data-widget_type=\"spacer.default\">\n\t\t\t\t<div class=\"elementor-widget-container\">\n\t\t\t\t\t\t\t<div class=\"elementor-spacer\">\n\t\t\t<div class=\"elementor-spacer-inner\"><\/div>\n\t\t<\/div>\n\t\t\t\t\t\t<\/div>\n\t\t\t\t<\/div>\n\t\t\t\t\t<\/div>\n\t\t\t\t<\/div>\n\t\t<div class=\"elementor-element elementor-element-36ec38d e-flex e-con-boxed e-con e-parent\" data-id=\"36ec38d\" data-element_type=\"container\" data-e-type=\"container\" data-settings=\"{&quot;background_background&quot;:&quot;classic&quot;}\">\n\t\t\t\t\t<div class=\"e-con-inner\">\n\t\t<div class=\"elementor-element elementor-element-38abf5b e-con-full e-flex e-con e-child\" data-id=\"38abf5b\" data-element_type=\"container\" data-e-type=\"container\" data-settings=\"{&quot;background_background&quot;:&quot;classic&quot;}\">\n\t\t\t\t<div class=\"elementor-element elementor-element-84b43ee elementor-widget elementor-widget-spacer\" data-id=\"84b43ee\" data-element_type=\"widget\" data-e-type=\"widget\" data-widget_type=\"spacer.default\">\n\t\t\t\t<div class=\"elementor-widget-container\">\n\t\t\t\t\t\t\t<div class=\"elementor-spacer\">\n\t\t\t<div class=\"elementor-spacer-inner\"><\/div>\n\t\t<\/div>\n\t\t\t\t\t\t<\/div>\n\t\t\t\t<\/div>\n\t\t\t\t<\/div>\n\t\t<div class=\"elementor-element elementor-element-4609869 e-con-full e-flex e-con e-child\" data-id=\"4609869\" data-element_type=\"container\" data-e-type=\"container\">\n\t\t\t\t<div class=\"elementor-element elementor-element-75d021d elementor-widget elementor-widget-heading\" data-id=\"75d021d\" data-element_type=\"widget\" data-e-type=\"widget\" data-widget_type=\"heading.default\">\n\t\t\t\t<div class=\"elementor-widget-container\">\n\t\t\t\t\t<h2 class=\"elementor-heading-title elementor-size-default\">PRP TREATMENT WITH DR. LEMA IN FRANKFURT<\/h2>\t\t\t\t<\/div>\n\t\t\t\t<\/div>\n\t\t\t\t<div class=\"elementor-element elementor-element-463dfd4 elementor-widget__width-initial elementor-widget-tablet__width-initial elementor-widget elementor-widget-text-editor\" data-id=\"463dfd4\" data-element_type=\"widget\" data-e-type=\"widget\" data-widget_type=\"text-editor.default\">\n\t\t\t\t<div class=\"elementor-widget-container\">\n\t\t\t\t\t\t\t\t\t<p>Discover the transformative power of PRP treatment at Dr. Lema in Frankfurt. With platelet-rich plasma, also known as PRP, we offer an innovative solution for hair regeneration and skin rejuvenation. Our practice combines the latest medical knowledge with personalized care to unleash your natural beauty. Learn how PRP stimulates your hair follicles and boosts skin renewal for a radiant, youthful appearance. Discover the possibilities of PRP treatment with Dr. Lema in Frankfurt and experience a new chapter in your beauty and well-being journey.<\/p>\t\t\t\t\t\t\t\t<\/div>\n\t\t\t\t<\/div>\n\t\t\t\t<\/div>\n\t\t\t\t\t<\/div>\n\t\t\t\t<\/div>\n\t\t<div class=\"elementor-element elementor-element-45fdfe0 e-flex e-con-boxed e-con e-parent\" data-id=\"45fdfe0\" data-element_type=\"container\" data-e-type=\"container\">\n\t\t\t\t\t<div class=\"e-con-inner\">\n\t\t\t\t<div class=\"elementor-element elementor-element-3453afc elementor-widget elementor-widget-spacer\" data-id=\"3453afc\" data-element_type=\"widget\" data-e-type=\"widget\" data-widget_type=\"spacer.default\">\n\t\t\t\t<div class=\"elementor-widget-container\">\n\t\t\t\t\t\t\t<div class=\"elementor-spacer\">\n\t\t\t<div class=\"elementor-spacer-inner\"><\/div>\n\t\t<\/div>\n\t\t\t\t\t\t<\/div>\n\t\t\t\t<\/div>\n\t\t<div class=\"elementor-element elementor-element-c627f00 e-flex e-con-boxed e-con e-child\" data-id=\"c627f00\" data-element_type=\"container\" data-e-type=\"container\" data-settings=\"{&quot;background_background&quot;:&quot;classic&quot;}\">\n\t\t\t\t\t<div class=\"e-con-inner\">\n\t\t<div class=\"elementor-element elementor-element-ae4cf3c e-con-full e-flex e-con e-child\" data-id=\"ae4cf3c\" data-element_type=\"container\" data-e-type=\"container\">\n\t\t\t\t<div class=\"elementor-element elementor-element-785b2be elementor-widget elementor-widget-heading\" data-id=\"785b2be\" data-element_type=\"widget\" data-e-type=\"widget\" data-widget_type=\"heading.default\">\n\t\t\t\t<div class=\"elementor-widget-container\">\n\t\t\t\t\t<h2 class=\"elementor-heading-title elementor-size-default\">Costs for a prp treatment<\/h2>\t\t\t\t<\/div>\n\t\t\t\t<\/div>\n\t\t\t\t<div class=\"elementor-element elementor-element-d939916 elementor-widget-divider--view-line elementor-widget elementor-widget-divider\" data-id=\"d939916\" data-element_type=\"widget\" data-e-type=\"widget\" data-widget_type=\"divider.default\">\n\t\t\t\t<div class=\"elementor-widget-container\">\n\t\t\t\t\t\t\t<div class=\"elementor-divider\">\n\t\t\t<span class=\"elementor-divider-separator\">\n\t\t\t\t\t\t<\/span>\n\t\t<\/div>\n\t\t\t\t\t\t<\/div>\n\t\t\t\t<\/div>\n\t\t\t\t<div class=\"elementor-element elementor-element-9d1d7fd elementor-widget elementor-widget-text-editor\" data-id=\"9d1d7fd\" data-element_type=\"widget\" data-e-type=\"widget\" data-widget_type=\"text-editor.default\">\n\t\t\t\t<div class=\"elementor-widget-container\">\n\t\t\t\t\t\t\t\t\t<p>\n<table id=\"tablepress-10\" class=\"tablepress tablepress-id-10\">\n<thead>\n<tr class=\"row-1\">\n\t<th class=\"column-1\">PRP treatment<\/th><th class=\"column-2\">Price*<\/th>\n<\/tr>\n<\/thead>\n<tbody class=\"row-striping row-hover\">\n<tr class=\"row-2\">\n\t<td class=\"column-1\">Indication \/ localization<\/td><td class=\"column-2\"><\/td>\n<\/tr>\n<tr class=\"row-3\">\n\t<td class=\"column-1\">One tube<\/td><td class=\"column-2\">199 \u20ac<\/td>\n<\/tr>\n<tr class=\"row-4\">\n\t<td class=\"column-1\">Two tubes<\/td><td class=\"column-2\">299 \u20ac<\/td>\n<\/tr>\n<\/tbody>\n<\/table>\n<\/p>\t\t\t\t\t\t\t\t<\/div>\n\t\t\t\t<\/div>\n\t\t\t\t<div class=\"elementor-element elementor-element-9a45327 elementor-align-left elementor-widget elementor-widget-button\" data-id=\"9a45327\" data-element_type=\"widget\" data-e-type=\"widget\" data-widget_type=\"button.default\">\n\t\t\t\t<div class=\"elementor-widget-container\">\n\t\t\t\t\t\t\t\t\t<div class=\"elementor-button-wrapper\">\n\t\t\t\t\t<a class=\"elementor-button elementor-button-link elementor-size-sm\" href=\"https:\/\/www.dr-lema.de\/en\/unsere-preise\/\">\n\t\t\t\t\t\t<span class=\"elementor-button-content-wrapper\">\n\t\t\t\t\t\t\t\t\t<span class=\"elementor-button-text\">More about our prices<\/span>\n\t\t\t\t\t<\/span>\n\t\t\t\t\t<\/a>\n\t\t\t\t<\/div>\n\t\t\t\t\t\t\t\t<\/div>\n\t\t\t\t<\/div>\n\t\t\t\t<\/div>\n\t\t\t\t\t<\/div>\n\t\t\t\t<\/div>\n\t\t\t\t\t<\/div>\n\t\t\t\t<\/div>\n\t\t<div class=\"elementor-element elementor-element-3b71f37 e-flex e-con-boxed e-con e-parent\" data-id=\"3b71f37\" data-element_type=\"container\" data-e-type=\"container\">\n\t\t\t\t\t<div class=\"e-con-inner\">\n\t\t\t\t<div class=\"elementor-element elementor-element-ae36a41 elementor-widget elementor-widget-spacer\" data-id=\"ae36a41\" data-element_type=\"widget\" data-e-type=\"widget\" data-widget_type=\"spacer.default\">\n\t\t\t\t<div class=\"elementor-widget-container\">\n\t\t\t\t\t\t\t<div class=\"elementor-spacer\">\n\t\t\t<div class=\"elementor-spacer-inner\"><\/div>\n\t\t<\/div>\n\t\t\t\t\t\t<\/div>\n\t\t\t\t<\/div>\n\t\t\t\t\t<\/div>\n\t\t\t\t<\/div>\n\t\t\t\t<\/div>","protected":false},"excerpt":{"rendered":"<p>HOME &gt; Hyaluron &gt; Augenringe behandeln mit Hyaluron DR. LEMA BEHANDLUNGEN PRP THERAPIE ZUR HAUTVERJ\u00dcNGUNG IN FRANKFURT Die PRP-Behandlung, auch bekannt als Vampir-Lifting, ist heutzutage eine g\u00e4ngige nicht-chirurgische Methode zur Faltenreduktion und Hautverj\u00fcngung. Hierbei wird mit pl\u00e4ttchenreichem Plasma (PRP), welches aus dem eigenen Blut gewonnen wird, gearbeitet. Dieses Serum enth\u00e4lt eine hohe Konzentration an Wachstumsfaktoren &hellip;<\/p>\n<p class=\"read-more\"> <a class=\"\" href=\"https:\/\/www.dr-lema.de\/en\/prp-therapie-zur-hautverjuengung\/\"> <span class=\"screen-reader-text\">PRP therapy for skin rejuvenation<\/span> Read More \"<\/a><\/p>","protected":false},"author":1,"featured_media":0,"parent":0,"menu_order":0,"comment_status":"closed","ping_status":"closed","template":"elementor_header_footer","meta":{"footnotes":""},"class_list":["post-13990","page","type-page","status-publish","hentry"],"_links":{"self":[{"href":"https:\/\/www.dr-lema.de\/en\/wp-json\/wp\/v2\/pages\/13990","targetHints":{"allow":["GET"]}}],"collection":[{"href":"https:\/\/www.dr-lema.de\/en\/wp-json\/wp\/v2\/pages"}],"about":[{"href":"https:\/\/www.dr-lema.de\/en\/wp-json\/wp\/v2\/types\/page"}],"author":[{"embeddable":true,"href":"https:\/\/www.dr-lema.de\/en\/wp-json\/wp\/v2\/users\/1"}],"replies":[{"embeddable":true,"href":"https:\/\/www.dr-lema.de\/en\/wp-json\/wp\/v2\/comments?post=13990"}],"version-history":[{"count":11,"href":"https:\/\/www.dr-lema.de\/en\/wp-json\/wp\/v2\/pages\/13990\/revisions"}],"predecessor-version":[{"id":14009,"href":"https:\/\/www.dr-lema.de\/en\/wp-json\/wp\/v2\/pages\/13990\/revisions\/14009"}],"wp:attachment":[{"href":"https:\/\/www.dr-lema.de\/en\/wp-json\/wp\/v2\/media?parent=13990"}],"curies":[{"name":"wp","href":"https:\/\/api.w.org\/{rel}","templated":true}]}}