{"id":13854,"date":"2024-03-29T18:32:48","date_gmt":"2024-03-29T18:32:48","guid":{"rendered":"https:\/\/www.dr-lema.de\/newsletter\/"},"modified":"2025-10-12T21:49:05","modified_gmt":"2025-10-12T21:49:05","slug":"newsletter","status":"publish","type":"page","link":"https:\/\/www.dr-lema.de\/en\/newsletter\/","title":{"rendered":"Newsletter"},"content":{"rendered":"<div data-elementor-type=\"wp-page\" data-elementor-id=\"13854\" class=\"elementor elementor-13854\" data-elementor-post-type=\"page\">\n\t\t\t\t<div class=\"elementor-element elementor-element-5ad26eed e-flex e-con-boxed e-con e-parent\" data-id=\"5ad26eed\" data-element_type=\"container\" data-e-type=\"container\">\n\t\t\t\t\t<div class=\"e-con-inner\">\n\t\t\t\t<div class=\"elementor-element elementor-element-23ebed2 elementor-widget elementor-widget-image\" data-id=\"23ebed2\" data-element_type=\"widget\" data-e-type=\"widget\" data-widget_type=\"image.default\">\n\t\t\t\t<div class=\"elementor-widget-container\">\n\t\t\t\t\t\t\t\t\t\t\t\t\t\t\t<img fetchpriority=\"high\" decoding=\"async\" width=\"1024\" height=\"683\" src=\"https:\/\/www.dr-lema.de\/wp-content\/uploads\/2021\/11\/AdobeStock_250824670-1024x683.jpeg\" class=\"attachment-large size-large wp-image-12336\" alt=\"DRGLAM Studio\" srcset=\"https:\/\/www.dr-lema.de\/wp-content\/uploads\/2021\/11\/AdobeStock_250824670-1024x683.jpeg 1024w, https:\/\/www.dr-lema.de\/wp-content\/uploads\/2021\/11\/AdobeStock_250824670-300x200.jpeg 300w, https:\/\/www.dr-lema.de\/wp-content\/uploads\/2021\/11\/AdobeStock_250824670-768x513.jpeg 768w, https:\/\/www.dr-lema.de\/wp-content\/uploads\/2021\/11\/AdobeStock_250824670-1536x1025.jpeg 1536w, https:\/\/www.dr-lema.de\/wp-content\/uploads\/2021\/11\/AdobeStock_250824670-2048x1367.jpeg 2048w\" sizes=\"(max-width: 1024px) 100vw, 1024px\" \/>\t\t\t\t\t\t\t\t\t\t\t\t\t\t\t<\/div>\n\t\t\t\t<\/div>\n\t\t\t\t\t<\/div>\n\t\t\t\t<\/div>\n\t\t<div class=\"elementor-element elementor-element-079087a e-flex e-con-boxed e-con e-parent\" data-id=\"079087a\" data-element_type=\"container\" data-e-type=\"container\">\n\t\t\t\t\t<div class=\"e-con-inner\">\n\t\t\t\t<div class=\"elementor-element elementor-element-bd2dda3 elementor-widget elementor-widget-spacer\" data-id=\"bd2dda3\" data-element_type=\"widget\" data-e-type=\"widget\" data-widget_type=\"spacer.default\">\n\t\t\t\t<div class=\"elementor-widget-container\">\n\t\t\t\t\t\t\t<div class=\"elementor-spacer\">\n\t\t\t<div class=\"elementor-spacer-inner\"><\/div>\n\t\t<\/div>\n\t\t\t\t\t\t<\/div>\n\t\t\t\t<\/div>\n\t\t\t\t\t<\/div>\n\t\t\t\t<\/div>\n\t\t<div class=\"elementor-element elementor-element-bc22473 e-flex e-con-boxed e-con e-parent\" data-id=\"bc22473\" data-element_type=\"container\" data-e-type=\"container\" data-settings=\"{&quot;background_background&quot;:&quot;classic&quot;}\">\n\t\t\t\t\t<div class=\"e-con-inner\">\n\t\t\t\t<div class=\"elementor-element elementor-element-48e5f00 elementor-widget elementor-widget-heading\" data-id=\"48e5f00\" data-element_type=\"widget\" data-e-type=\"widget\" data-widget_type=\"heading.default\">\n\t\t\t\t<div class=\"elementor-widget-container\">\n\t\t\t\t\t<h2 class=\"elementor-heading-title elementor-size-default\">DON'T MISS ANY NEWS<\/h2>\t\t\t\t<\/div>\n\t\t\t\t<\/div>\n\t\t\t\t<div class=\"elementor-element elementor-element-60abc3d elementor-widget elementor-widget-text-editor\" data-id=\"60abc3d\" data-element_type=\"widget\" data-e-type=\"widget\" data-widget_type=\"text-editor.default\">\n\t\t\t\t<div class=\"elementor-widget-container\">\n\t\t\t\t\t\t\t\t\t<p data-start=\"136\" data-end=\"495\">Get regular promotions and news from DR. LEMA directly to your inbox. In our newsletter you can find out everything about modern aesthetic treatments, current trends and exclusive promotions.<br \/>Register now and never miss any more news.<\/p>\t\t\t\t\t\t\t\t<\/div>\n\t\t\t\t<\/div>\n\t\t\t\t<div class=\"elementor-element elementor-element-2a6b208 elementor-button-align-stretch elementor-widget elementor-widget-form\" data-id=\"2a6b208\" data-element_type=\"widget\" data-e-type=\"widget\" data-settings=\"{&quot;step_next_label&quot;:&quot;N\\u00e4chster&quot;,&quot;step_previous_label&quot;:&quot;Voriger&quot;,&quot;button_width&quot;:&quot;100&quot;,&quot;step_type&quot;:&quot;number_text&quot;,&quot;step_icon_shape&quot;:&quot;circle&quot;}\" data-widget_type=\"form.default\">\n\t\t\t\t<div class=\"elementor-widget-container\">\n\t\t\t\t\t\t\t<form class=\"elementor-form\" method=\"post\" name=\"Neues Formular\" aria-label=\"New form\" action=\"\">\n\t\t\t<input type=\"hidden\" name=\"post_id\" value=\"13854\"\/>\n\t\t\t<input type=\"hidden\" name=\"form_id\" value=\"2a6b208\"\/>\n\t\t\t<input type=\"hidden\" name=\"referer_title\" value=\"Newsletter - Dr. Lema Frankfurt\" \/>\n\n\t\t\t\t\t\t\t<input type=\"hidden\" name=\"queried_id\" value=\"13854\"\/>\n\t\t\t\n\t\t\t<div class=\"elementor-form-fields-wrapper elementor-labels-above\">\n\t\t\t\t\t\t\t\t<div class=\"elementor-field-type-email elementor-field-group elementor-column elementor-field-group-field_468c7ed elementor-col-100 elementor-field-required\">\n\t\t\t\t\t\t\t\t\t\t\t\t<label for=\"form-field-field_468c7ed\" class=\"elementor-field-label\">\n\t\t\t\t\t\t\t\te-mail\t\t\t\t\t\t\t<\/label>\n\t\t\t\t\t\t\t\t\t\t\t\t\t\t<input size=\"1\" type=\"email\" name=\"form_fields[field_468c7ed]\" id=\"form-field-field_468c7ed\" class=\"elementor-field elementor-size-sm  elementor-field-textual\" placeholder=\"e-mail\" required=\"required\">\n\t\t\t\t\t\t\t\t\t\t\t<\/div>\n\t\t\t\t\t\t\t\t<div class=\"elementor-field-type-hidden elementor-field-group elementor-column elementor-field-group-field_d657634 elementor-col-100\">\n\t\t\t\t\t\t\t\t\t\t\t\t\t<input size=\"1\" type=\"hidden\" name=\"form_fields[field_d657634]\" id=\"form-field-field_d657634\" class=\"elementor-field elementor-size-sm  elementor-field-textual\">\n\t\t\t\t\t\t\t\t\t\t\t<\/div>\n\t\t\t\t\t\t\t\t<div class=\"elementor-field-type-hidden elementor-field-group elementor-column elementor-field-group-field_474f4e5 elementor-col-100\">\n\t\t\t\t\t\t\t\t\t\t\t\t\t<input size=\"1\" type=\"hidden\" name=\"form_fields[field_474f4e5]\" id=\"form-field-field_474f4e5\" class=\"elementor-field elementor-size-sm  elementor-field-textual\">\n\t\t\t\t\t\t\t\t\t\t\t<\/div>\n\t\t\t\t\t\t\t\t<div class=\"elementor-field-group elementor-column elementor-field-type-submit elementor-col-100 e-form__buttons\">\n\t\t\t\t\t<button class=\"elementor-button elementor-size-sm\" type=\"submit\">\n\t\t\t\t\t\t<span class=\"elementor-button-content-wrapper\">\n\t\t\t\t\t\t\t\t\t\t\t\t\t\t\t\t\t\t\t\t\t\t<span class=\"elementor-button-text\">Subscribe to our newsletter<\/span>\n\t\t\t\t\t\t\t\t\t\t\t\t\t<\/span>\n\t\t\t\t\t<\/button>\n\t\t\t\t<\/div>\n\t\t\t<\/div>\n\t\t<input type=\"hidden\" name=\"trp-form-language\" value=\"en\"\/><\/form>\n\t\t\t\t\t\t<\/div>\n\t\t\t\t<\/div>\n\t\t\t\t<div class=\"elementor-element elementor-element-4fcdbd4 elementor-widget elementor-widget-text-editor\" data-id=\"4fcdbd4\" data-element_type=\"widget\" data-e-type=\"widget\" data-widget_type=\"text-editor.default\">\n\t\t\t\t<div class=\"elementor-widget-container\">\n\t\t\t\t\t\t\t\t\t<p><strong data-start=\"98\" data-end=\"121\">Data protection notice:<\/strong><br data-start=\"121\" data-end=\"124\" \/>By registering, you agree to receive our newsletter, which contains information about our products, offers and news. Registration takes place using the so-called double opt-in procedure. You can unsubscribe at any time using the unsubscribe link in each newsletter.<br data-start=\"803\" data-end=\"806\" \/>Mail is sent via MailPoet, a service provided by Wysija SARL, France. You can find further information in our <a class=\"decorated-link cursor-pointer\" href=\"https:\/\/www.dr-lema.de\/en\/datenschutzerklaerung\/\" rel=\"noopener\" data-start=\"929\" data-end=\"954\">Privacy Policy<\/a>.<\/p>\t\t\t\t\t\t\t\t<\/div>\n\t\t\t\t<\/div>\n\t\t\t\t\t<\/div>\n\t\t\t\t<\/div>\n\t\t<div class=\"elementor-element elementor-element-965bb01 e-flex e-con-boxed e-con e-parent\" data-id=\"965bb01\" data-element_type=\"container\" data-e-type=\"container\">\n\t\t\t\t\t<div class=\"e-con-inner\">\n\t\t\t\t<div class=\"elementor-element elementor-element-bcbc5c9 elementor-widget elementor-widget-spacer\" data-id=\"bcbc5c9\" data-element_type=\"widget\" data-e-type=\"widget\" data-widget_type=\"spacer.default\">\n\t\t\t\t<div class=\"elementor-widget-container\">\n\t\t\t\t\t\t\t<div class=\"elementor-spacer\">\n\t\t\t<div class=\"elementor-spacer-inner\"><\/div>\n\t\t<\/div>\n\t\t\t\t\t\t<\/div>\n\t\t\t\t<\/div>\n\t\t\t\t\t<\/div>\n\t\t\t\t<\/div>\n\t\t\t\t<\/div>","protected":false},"excerpt":{"rendered":"<p>VERPASSE KEINE NEUIGKEITEN Hol dir regelm\u00e4\u00dfig Aktionen und Neuigkeiten von DR. LEMA direkt in dein Postfach. In unserem Newsletter erf\u00e4hrst du alles \u00fcber moderne \u00e4sthetische Behandlungen, aktuelle Trends\u00a0 und exklusive Aktionen.Jetzt anmelden und keine Neuigkeiten mehr verpassen. Datenschutzhinweis:Mit Ihrer Anmeldung erkl\u00e4ren Sie sich damit einverstanden, unseren Newsletter zu erhalten, der Informationen zu unseren Produkten, Angeboten &hellip;<\/p>\n<p class=\"read-more\"> <a class=\"\" href=\"https:\/\/www.dr-lema.de\/en\/newsletter\/\"> <span class=\"screen-reader-text\">Newsletter<\/span> Read More \"<\/a><\/p>","protected":false},"author":1,"featured_media":0,"parent":0,"menu_order":0,"comment_status":"closed","ping_status":"closed","template":"","meta":{"footnotes":""},"class_list":["post-13854","page","type-page","status-publish","hentry"],"_links":{"self":[{"href":"https:\/\/www.dr-lema.de\/en\/wp-json\/wp\/v2\/pages\/13854","targetHints":{"allow":["GET"]}}],"collection":[{"href":"https:\/\/www.dr-lema.de\/en\/wp-json\/wp\/v2\/pages"}],"about":[{"href":"https:\/\/www.dr-lema.de\/en\/wp-json\/wp\/v2\/types\/page"}],"author":[{"embeddable":true,"href":"https:\/\/www.dr-lema.de\/en\/wp-json\/wp\/v2\/users\/1"}],"replies":[{"embeddable":true,"href":"https:\/\/www.dr-lema.de\/en\/wp-json\/wp\/v2\/comments?post=13854"}],"version-history":[{"count":57,"href":"https:\/\/www.dr-lema.de\/en\/wp-json\/wp\/v2\/pages\/13854\/revisions"}],"predecessor-version":[{"id":15111,"href":"https:\/\/www.dr-lema.de\/en\/wp-json\/wp\/v2\/pages\/13854\/revisions\/15111"}],"wp:attachment":[{"href":"https:\/\/www.dr-lema.de\/en\/wp-json\/wp\/v2\/media?parent=13854"}],"curies":[{"name":"wp","href":"https:\/\/api.w.org\/{rel}","templated":true}]}}