{"id":13846,"date":"2024-03-29T17:28:37","date_gmt":"2024-03-29T17:28:37","guid":{"rendered":"https:\/\/www.dr-lema.de\/?page_id=13846"},"modified":"2024-04-28T16:22:42","modified_gmt":"2024-04-28T16:22:42","slug":"prp-therapie-gegen-haarausfall-frankfurt","status":"publish","type":"page","link":"https:\/\/www.dr-lema.de\/en\/prp-therapie-gegen-haarausfall-frankfurt\/","title":{"rendered":"PRP-therapy-against-hair-loss-frankfurt"},"content":{"rendered":"<div data-elementor-type=\"wp-page\" data-elementor-id=\"13846\" class=\"elementor elementor-13846\" data-elementor-post-type=\"page\">\n\t\t\t\t<div class=\"elementor-element elementor-element-522589f e-flex e-con-boxed e-con e-parent\" data-id=\"522589f\" data-element_type=\"container\" data-e-type=\"container\">\n\t\t\t\t\t<div class=\"e-con-inner\">\n\t\t\t\t<div class=\"elementor-element elementor-element-cb9cbff elementor-widget elementor-widget-text-editor\" data-id=\"cb9cbff\" data-element_type=\"widget\" data-e-type=\"widget\" data-widget_type=\"text-editor.default\">\n\t\t\t\t<div class=\"elementor-widget-container\">\n\t\t\t\t\t\t\t\t\t<p><span style=\"color: #a28764;\"><a style=\"color: #a28764;\" href=\"https:\/\/www.dr-lema.de\/en\/\">HOME<\/a><\/span> &gt; <span style=\"color: #a28764;\"><a style=\"color: #a28764;\" href=\"https:\/\/www.dr-lema.de\/en\/hyaluron\/\">Hyaluron<\/a><\/span> &gt; PRP therapy against hair loss for men in Frankfurt<\/p>\t\t\t\t\t\t\t\t<\/div>\n\t\t\t\t<\/div>\n\t\t\t\t\t<\/div>\n\t\t\t\t<\/div>\n\t\t<div class=\"elementor-element elementor-element-7a3f0a9 e-flex e-con-boxed e-con e-parent\" data-id=\"7a3f0a9\" data-element_type=\"container\" data-e-type=\"container\">\n\t\t\t\t\t<div class=\"e-con-inner\">\n\t\t\t\t<div class=\"elementor-element elementor-element-a37324c elementor-widget elementor-widget-image\" data-id=\"a37324c\" data-element_type=\"widget\" data-e-type=\"widget\" data-widget_type=\"image.default\">\n\t\t\t\t<div class=\"elementor-widget-container\">\n\t\t\t\t\t\t\t\t\t\t\t\t\t\t\t<img fetchpriority=\"high\" decoding=\"async\" width=\"1024\" height=\"682\" src=\"https:\/\/www.dr-lema.de\/wp-content\/uploads\/2024\/03\/AdobeStock_388784139_Easy-Resize.com_-1024x682.jpg\" class=\"attachment-large size-large wp-image-13855\" alt=\"PRP Behandlung Frankfurt\" srcset=\"https:\/\/www.dr-lema.de\/wp-content\/uploads\/2024\/03\/AdobeStock_388784139_Easy-Resize.com_-1024x682.jpg 1024w, https:\/\/www.dr-lema.de\/wp-content\/uploads\/2024\/03\/AdobeStock_388784139_Easy-Resize.com_-300x200.jpg 300w, https:\/\/www.dr-lema.de\/wp-content\/uploads\/2024\/03\/AdobeStock_388784139_Easy-Resize.com_-768x512.jpg 768w, https:\/\/www.dr-lema.de\/wp-content\/uploads\/2024\/03\/AdobeStock_388784139_Easy-Resize.com_.jpg 1280w\" sizes=\"(max-width: 1024px) 100vw, 1024px\" \/>\t\t\t\t\t\t\t\t\t\t\t\t\t\t\t<\/div>\n\t\t\t\t<\/div>\n\t\t\t\t\t<\/div>\n\t\t\t\t<\/div>\n\t\t<div class=\"elementor-element elementor-element-a50ba7c e-flex e-con-boxed e-con e-parent\" data-id=\"a50ba7c\" data-element_type=\"container\" data-e-type=\"container\">\n\t\t\t\t\t<div class=\"e-con-inner\">\n\t\t<div class=\"elementor-element elementor-element-e3b7256 e-flex e-con-boxed e-con e-child\" data-id=\"e3b7256\" data-element_type=\"container\" data-e-type=\"container\" data-settings=\"{&quot;background_background&quot;:&quot;classic&quot;}\">\n\t\t\t\t\t<div class=\"e-con-inner\">\n\t\t\t\t<div class=\"elementor-element elementor-element-dcdb093 elementor-widget elementor-widget-text-editor\" data-id=\"dcdb093\" data-element_type=\"widget\" data-e-type=\"widget\" data-widget_type=\"text-editor.default\">\n\t\t\t\t<div class=\"elementor-widget-container\">\n\t\t\t\t\t\t\t\t\t<p>DR. LEMA TREATMENTS<\/p>\t\t\t\t\t\t\t\t<\/div>\n\t\t\t\t<\/div>\n\t\t\t\t<div class=\"elementor-element elementor-element-a09b973 elementor-widget elementor-widget-heading\" data-id=\"a09b973\" data-element_type=\"widget\" data-e-type=\"widget\" data-widget_type=\"heading.default\">\n\t\t\t\t<div class=\"elementor-widget-container\">\n\t\t\t\t\t<h1 class=\"elementor-heading-title elementor-size-default\">Discover the PRP treatment for fuller and stronger hair in Frankfurt\n\n\n\n\n\n<\/h1>\t\t\t\t<\/div>\n\t\t\t\t<\/div>\n\t\t\t\t<div class=\"elementor-element elementor-element-6ae65e2 elementor-widget elementor-widget-text-editor\" data-id=\"6ae65e2\" data-element_type=\"widget\" data-e-type=\"widget\" data-widget_type=\"text-editor.default\">\n\t\t\t\t<div class=\"elementor-widget-container\">\n\t\t\t\t\t\t\t\t\t<div class=\"flex-1 overflow-hidden\"><div class=\"react-scroll-to-bottom--css-ivbip-79elbk h-full\"><div class=\"react-scroll-to-bottom--css-ivbip-1n7m0yu\"><div class=\"flex flex-col text-sm pb-9\"><div class=\"w-full text-token-text-primary\" data-testid=\"conversation-turn-157\"><div class=\"px-4 py-2 justify-center text-base md:gap-6 m-auto\"><div class=\"flex flex-1 text-base mx-auto gap-3 md:px-5 lg:px-1 xl:px-5 md:max-w-3xl lg:max-w-[40rem] xl:max-w-[48rem] group final-completion\"><div class=\"relative flex w-full flex-col agent-turn\"><div class=\"flex-col gap-1 md:gap-3\"><div class=\"flex flex-grow flex-col max-w-full\"><div class=\"min-h-[20px] text-message flex flex-col items-start gap-3 whitespace-pre-wrap break-words [.text-message+&amp;]:mt-5 overflow-x-auto\" data-message-author-role=\"assistant\" data-message-id=\"d881eed7-c9a8-4069-a3df-4efc20df8fc2\"><div class=\"markdown prose w-full break-words dark:prose-invert light\"><h2><span style=\"color: #54595f;\"><strong>What does PRP stand for?<\/strong><\/span><\/h2><p>In German, PRP is an abbreviation for \"platelet-rich plasma\", which is derived from the English \"platelet-rich plasma\". This is a special serum that is obtained from processed autologous blood or from certain blood components. To produce it, a small amount of blood is gently removed and treated in a centrifuge. The red blood cells are first separated from the white blood cells and then the platelets are processed further. What makes PRP crucial are the growth factors, cytokines and nutrients it contains, all of which have a healing and stimulating effect.<\/p><p>If you suffer from hair loss, DR. LEMA in Frankfurt can help you with a PRP treatment. Would you like to find out more or make an appointment? We are at your disposal! <a href=\"https:\/\/www.dr-lema.de\/en\/prp-therapie-zur-hautverjuengung\/\">PRP treatment is also ideal for skin rejuvenation.<\/a><\/p><\/div><\/div><\/div><\/div><\/div><\/div><\/div><\/div><\/div><\/div><\/div><\/div><h2><span style=\"color: #54595f;\"><strong>Your benefits with PRP autologous blood treatment against hair loss<\/strong><\/span><\/h2><p>Compared to invasive procedures, PRP hair treatment is minimally invasive and extremely gentle. You do not have to plan any downtime after the treatment and can go straight back to your usual activities. The risks of this therapy are low. However, a sufficient number of hair follicles in the area to be treated is crucial for success. We are happy to support you with PRP therapy at our practice in Frankfurt.<\/p><h2><strong><span style=\"color: #54595f;\">How your PRP treatment for hair loss works<\/span><\/strong><\/h2><p>First, a small amount of blood is taken from your arm. The platelets are then isolated using a special centrifugation process. The PRP obtained is then injected a few millimetres deep into the scalp using fine needles. This procedure is generally painless. The growth factors it contains promote the regeneration and healing of the hair roots.<\/p><p>PRP treatment has proven to be extremely effective, particularly for bald patches and strengthening the hair. The first results are visible after just 4-5 weeks, while the final result is achieved after around 3 months. Several sessions are usually required for optimal results, and we will be happy to advise you personally.<\/p><h2><strong><span style=\"color: #54595f;\">Your results and behavior after the treatment<\/span><\/strong><\/h2><p>After PRP treatment against hair loss, you should avoid strenuous exercise and visits to the solarium or swimming pool for about three days. You can wash your hair again the day after the treatment. Otherwise, no special behavior is required.<\/p><h2><strong><span style=\"color: #54595f;\">Possible causes of hair loss\u00a0<\/span><\/strong><\/h2><p>Hair loss can have various causes, including genetic predisposition, stress, certain medications, hormonal changes and infections. In addition to PRP treatment, we also offer alternative methods to combat hair loss at our practice in Frankfurt.<\/p><h2><strong><span style=\"color: #54595f;\">PRP treatment after a hair transplant<\/span><\/strong><\/h2><p>The use of PRP to support hair healing and hair growth after a hair transplant offers many benefits:<\/p><ol><li>Maintaining and promoting the viability of hair follicles during and after hair transplantation.<\/li><li>Support and improvement of tissue repair and the healing process after a hair transplant.<\/li><li>Activation of dormant hair follicles and promotion of new hair growth.<\/li><\/ol><p>\u00a0Due to these positive results, PRP is often recommended as a useful measure after a hair transplant.<\/p><p>We will be happy to answer any further questions you may have. Please feel free to arrange a non-binding consultation.<\/p>\t\t\t\t\t\t\t\t<\/div>\n\t\t\t\t<\/div>\n\t\t\t\t\t<\/div>\n\t\t\t\t<\/div>\n\t\t\t\t\t<\/div>\n\t\t\t\t<\/div>\n\t\t<div class=\"elementor-element elementor-element-2d52e0a e-flex e-con-boxed e-con e-parent\" data-id=\"2d52e0a\" data-element_type=\"container\" data-e-type=\"container\">\n\t\t\t\t\t<div class=\"e-con-inner\">\n\t\t\t\t<div class=\"elementor-element elementor-element-df996e7 elementor-widget elementor-widget-spacer\" data-id=\"df996e7\" data-element_type=\"widget\" data-e-type=\"widget\" data-widget_type=\"spacer.default\">\n\t\t\t\t<div class=\"elementor-widget-container\">\n\t\t\t\t\t\t\t<div class=\"elementor-spacer\">\n\t\t\t<div class=\"elementor-spacer-inner\"><\/div>\n\t\t<\/div>\n\t\t\t\t\t\t<\/div>\n\t\t\t\t<\/div>\n\t\t\t\t\t<\/div>\n\t\t\t\t<\/div>\n\t\t<div class=\"elementor-element elementor-element-36ec38d e-flex e-con-boxed e-con e-parent\" data-id=\"36ec38d\" data-element_type=\"container\" data-e-type=\"container\" data-settings=\"{&quot;background_background&quot;:&quot;classic&quot;}\">\n\t\t\t\t\t<div class=\"e-con-inner\">\n\t\t<div class=\"elementor-element elementor-element-38abf5b e-con-full e-flex e-con e-child\" data-id=\"38abf5b\" data-element_type=\"container\" data-e-type=\"container\" data-settings=\"{&quot;background_background&quot;:&quot;video&quot;,&quot;background_video_link&quot;:&quot;https:\\\/\\\/www.dr-lema.de\\\/wp-content\\\/uploads\\\/2024\\\/03\\\/AdobeStock_629454681.mp4&quot;,&quot;background_play_on_mobile&quot;:&quot;yes&quot;}\">\n\t\t<div class=\"elementor-background-video-container\">\n\t\t\t\t\t\t\t<video class=\"elementor-background-video-hosted\" role=\"presentation\" autoplay muted playsinline loop><\/video>\n\t\t\t\t\t<\/div>\t\t<div class=\"elementor-element elementor-element-84b43ee elementor-widget elementor-widget-spacer\" data-id=\"84b43ee\" data-element_type=\"widget\" data-e-type=\"widget\" data-widget_type=\"spacer.default\">\n\t\t\t\t<div class=\"elementor-widget-container\">\n\t\t\t\t\t\t\t<div class=\"elementor-spacer\">\n\t\t\t<div class=\"elementor-spacer-inner\"><\/div>\n\t\t<\/div>\n\t\t\t\t\t\t<\/div>\n\t\t\t\t<\/div>\n\t\t\t\t<\/div>\n\t\t<div class=\"elementor-element elementor-element-4609869 e-con-full e-flex e-con e-child\" data-id=\"4609869\" data-element_type=\"container\" data-e-type=\"container\">\n\t\t\t\t<div class=\"elementor-element elementor-element-75d021d elementor-widget elementor-widget-heading\" data-id=\"75d021d\" data-element_type=\"widget\" data-e-type=\"widget\" data-widget_type=\"heading.default\">\n\t\t\t\t<div class=\"elementor-widget-container\">\n\t\t\t\t\t<h2 class=\"elementor-heading-title elementor-size-default\">PRP TREATMENT WITH DR. LEMA IN FRANKFURT<\/h2>\t\t\t\t<\/div>\n\t\t\t\t<\/div>\n\t\t\t\t<div class=\"elementor-element elementor-element-463dfd4 elementor-widget__width-initial elementor-widget-tablet__width-initial elementor-widget elementor-widget-text-editor\" data-id=\"463dfd4\" data-element_type=\"widget\" data-e-type=\"widget\" data-widget_type=\"text-editor.default\">\n\t\t\t\t<div class=\"elementor-widget-container\">\n\t\t\t\t\t\t\t\t\t<p>Discover the transformative power of PRP treatment at Dr. Lema in Frankfurt. With platelet-rich plasma, also known as PRP, we offer an innovative solution for hair regeneration and skin rejuvenation. Our practice combines the latest medical knowledge with personalized care to unleash your natural beauty. Learn how PRP stimulates your hair follicles and boosts skin renewal for a radiant, youthful appearance. Discover the possibilities of PRP treatment with Dr. Lema in Frankfurt and experience a new chapter in your beauty and well-being journey.<\/p>\t\t\t\t\t\t\t\t<\/div>\n\t\t\t\t<\/div>\n\t\t\t\t<\/div>\n\t\t\t\t\t<\/div>\n\t\t\t\t<\/div>\n\t\t<div class=\"elementor-element elementor-element-45fdfe0 e-flex e-con-boxed e-con e-parent\" data-id=\"45fdfe0\" data-element_type=\"container\" data-e-type=\"container\">\n\t\t\t\t\t<div class=\"e-con-inner\">\n\t\t\t\t<div class=\"elementor-element elementor-element-3453afc elementor-widget elementor-widget-spacer\" data-id=\"3453afc\" data-element_type=\"widget\" data-e-type=\"widget\" data-widget_type=\"spacer.default\">\n\t\t\t\t<div class=\"elementor-widget-container\">\n\t\t\t\t\t\t\t<div class=\"elementor-spacer\">\n\t\t\t<div class=\"elementor-spacer-inner\"><\/div>\n\t\t<\/div>\n\t\t\t\t\t\t<\/div>\n\t\t\t\t<\/div>\n\t\t<div class=\"elementor-element elementor-element-c627f00 e-flex e-con-boxed e-con e-child\" data-id=\"c627f00\" data-element_type=\"container\" data-e-type=\"container\" data-settings=\"{&quot;background_background&quot;:&quot;classic&quot;}\">\n\t\t\t\t\t<div class=\"e-con-inner\">\n\t\t<div class=\"elementor-element elementor-element-ae4cf3c e-con-full e-flex e-con e-child\" data-id=\"ae4cf3c\" data-element_type=\"container\" data-e-type=\"container\">\n\t\t\t\t<div class=\"elementor-element elementor-element-785b2be elementor-widget elementor-widget-heading\" data-id=\"785b2be\" data-element_type=\"widget\" data-e-type=\"widget\" data-widget_type=\"heading.default\">\n\t\t\t\t<div class=\"elementor-widget-container\">\n\t\t\t\t\t<h2 class=\"elementor-heading-title elementor-size-default\">Costs for a prp treatment<\/h2>\t\t\t\t<\/div>\n\t\t\t\t<\/div>\n\t\t\t\t<div class=\"elementor-element elementor-element-d939916 elementor-widget-divider--view-line elementor-widget elementor-widget-divider\" data-id=\"d939916\" data-element_type=\"widget\" data-e-type=\"widget\" data-widget_type=\"divider.default\">\n\t\t\t\t<div class=\"elementor-widget-container\">\n\t\t\t\t\t\t\t<div class=\"elementor-divider\">\n\t\t\t<span class=\"elementor-divider-separator\">\n\t\t\t\t\t\t<\/span>\n\t\t<\/div>\n\t\t\t\t\t\t<\/div>\n\t\t\t\t<\/div>\n\t\t\t\t<div class=\"elementor-element elementor-element-9d1d7fd elementor-widget elementor-widget-text-editor\" data-id=\"9d1d7fd\" data-element_type=\"widget\" data-e-type=\"widget\" data-widget_type=\"text-editor.default\">\n\t\t\t\t<div class=\"elementor-widget-container\">\n\t\t\t\t\t\t\t\t\t<p>\n<table id=\"tablepress-10\" class=\"tablepress tablepress-id-10\">\n<thead>\n<tr class=\"row-1\">\n\t<th class=\"column-1\">PRP treatment<\/th><th class=\"column-2\">Price*<\/th>\n<\/tr>\n<\/thead>\n<tbody class=\"row-striping row-hover\">\n<tr class=\"row-2\">\n\t<td class=\"column-1\">Indication \/ localization<\/td><td class=\"column-2\"><\/td>\n<\/tr>\n<tr class=\"row-3\">\n\t<td class=\"column-1\">One tube<\/td><td class=\"column-2\">199 \u20ac<\/td>\n<\/tr>\n<tr class=\"row-4\">\n\t<td class=\"column-1\">Two tubes<\/td><td class=\"column-2\">299 \u20ac<\/td>\n<\/tr>\n<\/tbody>\n<\/table>\n<!-- #tablepress-10 from cache --><\/p>\t\t\t\t\t\t\t\t<\/div>\n\t\t\t\t<\/div>\n\t\t\t\t<div class=\"elementor-element elementor-element-9a45327 elementor-align-left elementor-widget elementor-widget-button\" data-id=\"9a45327\" data-element_type=\"widget\" data-e-type=\"widget\" data-widget_type=\"button.default\">\n\t\t\t\t<div class=\"elementor-widget-container\">\n\t\t\t\t\t\t\t\t\t<div class=\"elementor-button-wrapper\">\n\t\t\t\t\t<a class=\"elementor-button elementor-button-link elementor-size-sm\" href=\"https:\/\/www.dr-lema.de\/en\/unsere-preise\/\">\n\t\t\t\t\t\t<span class=\"elementor-button-content-wrapper\">\n\t\t\t\t\t\t\t\t\t<span class=\"elementor-button-text\">More about our prices<\/span>\n\t\t\t\t\t<\/span>\n\t\t\t\t\t<\/a>\n\t\t\t\t<\/div>\n\t\t\t\t\t\t\t\t<\/div>\n\t\t\t\t<\/div>\n\t\t\t\t<\/div>\n\t\t\t\t\t<\/div>\n\t\t\t\t<\/div>\n\t\t\t\t\t<\/div>\n\t\t\t\t<\/div>\n\t\t<div class=\"elementor-element elementor-element-3b71f37 e-flex e-con-boxed e-con e-parent\" data-id=\"3b71f37\" data-element_type=\"container\" data-e-type=\"container\">\n\t\t\t\t\t<div class=\"e-con-inner\">\n\t\t\t\t<div class=\"elementor-element elementor-element-ae36a41 elementor-widget elementor-widget-spacer\" data-id=\"ae36a41\" data-element_type=\"widget\" data-e-type=\"widget\" data-widget_type=\"spacer.default\">\n\t\t\t\t<div class=\"elementor-widget-container\">\n\t\t\t\t\t\t\t<div class=\"elementor-spacer\">\n\t\t\t<div class=\"elementor-spacer-inner\"><\/div>\n\t\t<\/div>\n\t\t\t\t\t\t<\/div>\n\t\t\t\t<\/div>\n\t\t\t\t\t<\/div>\n\t\t\t\t<\/div>\n\t\t\t\t<\/div>","protected":false},"excerpt":{"rendered":"<p>HOME &gt; Hyaluron &gt; PRP Therapie gegen Haarausfall f\u00fcr M\u00e4nner in Frankfurt DR. LEMA BEHANDLUNGEN Entdecke die PRP-Behandlung f\u00fcr volles und kr\u00e4ftiges Haar in Frankfurt Wof\u00fcr steht PRP? Im deutschen steht PRP als Abk\u00fcrzung f\u00fcr &#8222;pl\u00e4ttchenreiches Plasma&#8220;, was auf das englische &#8222;platelet-rich plasma&#8220; zur\u00fcckgeht. Dabei handelt es sich um ein spezielles Serum, das aus dem &hellip;<\/p>\n<p class=\"read-more\"> <a class=\"\" href=\"https:\/\/www.dr-lema.de\/en\/prp-therapie-gegen-haarausfall-frankfurt\/\"> <span class=\"screen-reader-text\">PRP-therapy-against-hair-loss-frankfurt<\/span> Read More \"<\/a><\/p>","protected":false},"author":1,"featured_media":0,"parent":0,"menu_order":0,"comment_status":"closed","ping_status":"closed","template":"elementor_header_footer","meta":{"footnotes":""},"class_list":["post-13846","page","type-page","status-publish","hentry"],"_links":{"self":[{"href":"https:\/\/www.dr-lema.de\/en\/wp-json\/wp\/v2\/pages\/13846","targetHints":{"allow":["GET"]}}],"collection":[{"href":"https:\/\/www.dr-lema.de\/en\/wp-json\/wp\/v2\/pages"}],"about":[{"href":"https:\/\/www.dr-lema.de\/en\/wp-json\/wp\/v2\/types\/page"}],"author":[{"embeddable":true,"href":"https:\/\/www.dr-lema.de\/en\/wp-json\/wp\/v2\/users\/1"}],"replies":[{"embeddable":true,"href":"https:\/\/www.dr-lema.de\/en\/wp-json\/wp\/v2\/comments?post=13846"}],"version-history":[{"count":37,"href":"https:\/\/www.dr-lema.de\/en\/wp-json\/wp\/v2\/pages\/13846\/revisions"}],"predecessor-version":[{"id":14015,"href":"https:\/\/www.dr-lema.de\/en\/wp-json\/wp\/v2\/pages\/13846\/revisions\/14015"}],"wp:attachment":[{"href":"https:\/\/www.dr-lema.de\/en\/wp-json\/wp\/v2\/media?parent=13846"}],"curies":[{"name":"wp","href":"https:\/\/api.w.org\/{rel}","templated":true}]}}