{"id":10335,"date":"2020-07-23T09:36:42","date_gmt":"2020-07-23T09:36:42","guid":{"rendered":"https:\/\/www.drglam-beauty.de\/?page_id=10335"},"modified":"2025-10-12T20:58:26","modified_gmt":"2025-10-12T20:58:26","slug":"botox","status":"publish","type":"page","link":"https:\/\/www.dr-lema.de\/en\/botox\/","title":{"rendered":"botulinum"},"content":{"rendered":"<div data-elementor-type=\"wp-page\" data-elementor-id=\"10335\" class=\"elementor elementor-10335\" data-elementor-post-type=\"page\">\n\t\t\t\t<div class=\"elementor-element elementor-element-4aace2e e-flex e-con-boxed e-con e-parent\" data-id=\"4aace2e\" data-element_type=\"container\" data-e-type=\"container\">\n\t\t\t\t\t<div class=\"e-con-inner\">\n\t\t\t\t<div class=\"elementor-element elementor-element-f803305 elementor-widget elementor-widget-text-editor\" data-id=\"f803305\" data-element_type=\"widget\" data-e-type=\"widget\" data-widget_type=\"text-editor.default\">\n\t\t\t\t<div class=\"elementor-widget-container\">\n\t\t\t\t\t\t\t\t\t<p><span style=\"color: #a28764;\"><a style=\"color: #a28764;\" href=\"https:\/\/www.dr-lema.de\/en\/\">HOME<\/a><\/span> &gt; <a href=\"https:\/\/www.dr-lema.de\/en\/botox\/\"><span style=\"color: #a28764;\">Botox Frankfurt<\/span><\/a><\/p>\t\t\t\t\t\t\t\t<\/div>\n\t\t\t\t<\/div>\n\t\t\t\t\t<\/div>\n\t\t\t\t<\/div>\n\t\t\t\t<section class=\"elementor-section elementor-top-section elementor-element elementor-element-60a3430 elementor-section-height-min-height elementor-section-boxed elementor-section-height-default elementor-section-items-middle\" data-id=\"60a3430\" data-element_type=\"section\" data-e-type=\"section\" data-settings=\"{&quot;background_background&quot;:&quot;classic&quot;}\">\n\t\t\t\t\t\t\t<div class=\"elementor-background-overlay\"><\/div>\n\t\t\t\t\t\t\t<div class=\"elementor-container elementor-column-gap-default\">\n\t\t\t\t\t<div class=\"elementor-column elementor-col-100 elementor-top-column elementor-element elementor-element-bc982cd\" data-id=\"bc982cd\" data-element_type=\"column\" data-e-type=\"column\">\n\t\t\t<div class=\"elementor-widget-wrap elementor-element-populated\">\n\t\t\t\t\t\t<div class=\"elementor-element elementor-element-7e86334 elementor-widget elementor-widget-spacer\" data-id=\"7e86334\" data-element_type=\"widget\" data-e-type=\"widget\" data-widget_type=\"spacer.default\">\n\t\t\t\t<div class=\"elementor-widget-container\">\n\t\t\t\t\t\t\t<div class=\"elementor-spacer\">\n\t\t\t<div class=\"elementor-spacer-inner\"><\/div>\n\t\t<\/div>\n\t\t\t\t\t\t<\/div>\n\t\t\t\t<\/div>\n\t\t\t\t<div class=\"elementor-element elementor-element-b30ac2e elementor-widget elementor-widget-heading\" data-id=\"b30ac2e\" data-element_type=\"widget\" data-e-type=\"widget\" data-widget_type=\"heading.default\">\n\t\t\t\t<div class=\"elementor-widget-container\">\n\t\t\t\t\t<h2 class=\"elementor-heading-title elementor-size-default\">BOTULINUM<\/h2>\t\t\t\t<\/div>\n\t\t\t\t<\/div>\n\t\t\t\t<div class=\"elementor-element elementor-element-9b0612a elementor-widget elementor-widget-spacer\" data-id=\"9b0612a\" data-element_type=\"widget\" data-e-type=\"widget\" data-widget_type=\"spacer.default\">\n\t\t\t\t<div class=\"elementor-widget-container\">\n\t\t\t\t\t\t\t<div class=\"elementor-spacer\">\n\t\t\t<div class=\"elementor-spacer-inner\"><\/div>\n\t\t<\/div>\n\t\t\t\t\t\t<\/div>\n\t\t\t\t<\/div>\n\t\t\t\t\t<\/div>\n\t\t<\/div>\n\t\t\t\t\t<\/div>\n\t\t<\/section>\n\t\t\t\t<section class=\"elementor-section elementor-top-section elementor-element elementor-element-7ba8bc65 elementor-section-boxed elementor-section-height-default elementor-section-height-default\" data-id=\"7ba8bc65\" data-element_type=\"section\" data-e-type=\"section\">\n\t\t\t\t\t\t<div class=\"elementor-container elementor-column-gap-default\">\n\t\t\t\t\t<div class=\"elementor-column elementor-col-100 elementor-top-column elementor-element elementor-element-291543b6\" data-id=\"291543b6\" data-element_type=\"column\" data-e-type=\"column\">\n\t\t\t<div class=\"elementor-widget-wrap elementor-element-populated\">\n\t\t\t\t\t\t<div class=\"elementor-element elementor-element-68e174d8 elementor-widget elementor-widget-text-editor\" data-id=\"68e174d8\" data-element_type=\"widget\" data-e-type=\"widget\" data-widget_type=\"text-editor.default\">\n\t\t\t\t<div class=\"elementor-widget-container\">\n\t\t\t\t\t\t\t\t\t<p>HOME &gt; <a href=\"https:\/\/www.dr-lema.de\/en\/faltenbehandlung-botox-frankfurt\/\">Botox Frankfurt<\/a><\/p><p>Through targeted functional weakening of individual mimic muscles with <span style=\"color: #808080;\"><a style=\"color: #808080;\" href=\"https:\/\/www.dr-lema.de\/en\/\">Botox<\/a><\/span> the face appears significantly more relaxed and younger. The overall appearance is more positive and conveys attractiveness and performance.\u00a0<\/p>\t\t\t\t\t\t\t\t<\/div>\n\t\t\t\t<\/div>\n\t\t\t\t<div class=\"elementor-element elementor-element-03f381a elementor-widget elementor-widget-spacer\" data-id=\"03f381a\" data-element_type=\"widget\" data-e-type=\"widget\" data-widget_type=\"spacer.default\">\n\t\t\t\t<div class=\"elementor-widget-container\">\n\t\t\t\t\t\t\t<div class=\"elementor-spacer\">\n\t\t\t<div class=\"elementor-spacer-inner\"><\/div>\n\t\t<\/div>\n\t\t\t\t\t\t<\/div>\n\t\t\t\t<\/div>\n\t\t\t\t\t<\/div>\n\t\t<\/div>\n\t\t\t\t\t<\/div>\n\t\t<\/section>\n\t\t\t\t<section class=\"elementor-section elementor-top-section elementor-element elementor-element-7d53286 elementor-section-boxed elementor-section-height-default elementor-section-height-default\" data-id=\"7d53286\" data-element_type=\"section\" data-e-type=\"section\">\n\t\t\t\t\t\t<div class=\"elementor-container elementor-column-gap-default\">\n\t\t\t\t\t<div class=\"elementor-column elementor-col-50 elementor-top-column elementor-element elementor-element-3c32acc\" data-id=\"3c32acc\" data-element_type=\"column\" data-e-type=\"column\">\n\t\t\t<div class=\"elementor-widget-wrap elementor-element-populated\">\n\t\t\t\t\t\t<div class=\"elementor-element elementor-element-1921090 elementor-widget elementor-widget-heading\" data-id=\"1921090\" data-element_type=\"widget\" data-e-type=\"widget\" data-widget_type=\"heading.default\">\n\t\t\t\t<div class=\"elementor-widget-container\">\n\t\t\t\t\t<h2 class=\"elementor-heading-title elementor-size-default\">Relaxes facial muscles &amp; smoothes wrinkles<\/h2>\t\t\t\t<\/div>\n\t\t\t\t<\/div>\n\t\t\t\t<div class=\"elementor-element elementor-element-9341f3d elementor-icon-list--layout-traditional elementor-list-item-link-full_width elementor-widget elementor-widget-icon-list\" data-id=\"9341f3d\" data-element_type=\"widget\" data-e-type=\"widget\" data-widget_type=\"icon-list.default\">\n\t\t\t\t<div class=\"elementor-widget-container\">\n\t\t\t\t\t\t\t<ul class=\"elementor-icon-list-items\">\n\t\t\t\t\t\t\t<li class=\"elementor-icon-list-item\">\n\t\t\t\t\t\t\t\t\t\t\t<span class=\"elementor-icon-list-icon\">\n\t\t\t\t\t\t\t<i aria-hidden=\"true\" class=\"far fa-arrow-alt-circle-right\"><\/i>\t\t\t\t\t\t<\/span>\n\t\t\t\t\t\t\t\t\t\t<span class=\"elementor-icon-list-text\">Against frown lines, forehead lines, marionette lines &amp; crow's feet<\/span>\n\t\t\t\t\t\t\t\t\t<\/li>\n\t\t\t\t\t\t\t\t<li class=\"elementor-icon-list-item\">\n\t\t\t\t\t\t\t\t\t\t\t<span class=\"elementor-icon-list-icon\">\n\t\t\t\t\t\t\t<i aria-hidden=\"true\" class=\"far fa-arrow-alt-circle-right\"><\/i>\t\t\t\t\t\t<\/span>\n\t\t\t\t\t\t\t\t\t\t<span class=\"elementor-icon-list-text\">Smoothing effect after just a few days<\/span>\n\t\t\t\t\t\t\t\t\t<\/li>\n\t\t\t\t\t\t\t\t<li class=\"elementor-icon-list-item\">\n\t\t\t\t\t\t\t\t\t\t\t<span class=\"elementor-icon-list-icon\">\n\t\t\t\t\t\t\t<i aria-hidden=\"true\" class=\"far fa-arrow-alt-circle-right\"><\/i>\t\t\t\t\t\t<\/span>\n\t\t\t\t\t\t\t\t\t\t<span class=\"elementor-icon-list-text\">Also in combination with hyaluronic acid treatment of the nasolabial and forehead wrinkles and lifting of the eyebrows and corners of the mouth<\/span>\n\t\t\t\t\t\t\t\t\t<\/li>\n\t\t\t\t\t\t<\/ul>\n\t\t\t\t\t\t<\/div>\n\t\t\t\t<\/div>\n\t\t\t\t\t<\/div>\n\t\t<\/div>\n\t\t\t\t<div class=\"elementor-column elementor-col-50 elementor-top-column elementor-element elementor-element-fad2150\" data-id=\"fad2150\" data-element_type=\"column\" data-e-type=\"column\" data-settings=\"{&quot;background_background&quot;:&quot;classic&quot;}\">\n\t\t\t<div class=\"elementor-widget-wrap elementor-element-populated\">\n\t\t\t\t\t\t<div class=\"elementor-element elementor-element-24e3e39 elementor-widget elementor-widget-spacer\" data-id=\"24e3e39\" data-element_type=\"widget\" data-e-type=\"widget\" data-widget_type=\"spacer.default\">\n\t\t\t\t<div class=\"elementor-widget-container\">\n\t\t\t\t\t\t\t<div class=\"elementor-spacer\">\n\t\t\t<div class=\"elementor-spacer-inner\"><\/div>\n\t\t<\/div>\n\t\t\t\t\t\t<\/div>\n\t\t\t\t<\/div>\n\t\t\t\t\t<\/div>\n\t\t<\/div>\n\t\t\t\t\t<\/div>\n\t\t<\/section>\n\t\t\t\t<section class=\"elementor-section elementor-top-section elementor-element elementor-element-33934bac elementor-section-boxed elementor-section-height-default elementor-section-height-default\" data-id=\"33934bac\" data-element_type=\"section\" data-e-type=\"section\">\n\t\t\t\t\t\t<div class=\"elementor-container elementor-column-gap-default\">\n\t\t\t\t\t<div class=\"elementor-column elementor-col-100 elementor-top-column elementor-element elementor-element-7dbe31d9\" data-id=\"7dbe31d9\" data-element_type=\"column\" data-e-type=\"column\">\n\t\t\t<div class=\"elementor-widget-wrap elementor-element-populated\">\n\t\t\t\t\t\t<div class=\"elementor-element elementor-element-9b54cc5 elementor-widget elementor-widget-spacer\" data-id=\"9b54cc5\" data-element_type=\"widget\" data-e-type=\"widget\" data-widget_type=\"spacer.default\">\n\t\t\t\t<div class=\"elementor-widget-container\">\n\t\t\t\t\t\t\t<div class=\"elementor-spacer\">\n\t\t\t<div class=\"elementor-spacer-inner\"><\/div>\n\t\t<\/div>\n\t\t\t\t\t\t<\/div>\n\t\t\t\t<\/div>\n\t\t\t\t<div class=\"elementor-element elementor-element-324f143 elementor-widget elementor-widget-text-editor\" data-id=\"324f143\" data-element_type=\"widget\" data-e-type=\"widget\" data-widget_type=\"text-editor.default\">\n\t\t\t\t<div class=\"elementor-widget-container\">\n\t\t\t\t\t\t\t\t\t<h2 style=\"font-style: normal; font-weight: var( --e-global-typography-primary-font-weight ); font-family: var( --e-global-typography-primary-font-family ), Sans-serif;\" data-elementor-setting-key=\"title\" data-pen-placeholder=\"Type Here...\">Botulinum at a glance<\/h2>\t\t\t\t\t\t\t\t<\/div>\n\t\t\t\t<\/div>\n\t\t\t\t\t<\/div>\n\t\t<\/div>\n\t\t\t\t\t<\/div>\n\t\t<\/section>\n\t\t\t\t<section class=\"elementor-section elementor-top-section elementor-element elementor-element-d0bc01c elementor-section-boxed elementor-section-height-default elementor-section-height-default\" data-id=\"d0bc01c\" data-element_type=\"section\" data-e-type=\"section\">\n\t\t\t\t\t\t<div class=\"elementor-container elementor-column-gap-default\">\n\t\t\t\t\t<div class=\"elementor-column elementor-col-16 elementor-top-column elementor-element elementor-element-c83fe7a\" data-id=\"c83fe7a\" data-element_type=\"column\" data-e-type=\"column\">\n\t\t\t<div class=\"elementor-widget-wrap elementor-element-populated\">\n\t\t\t\t\t\t<div class=\"elementor-element elementor-element-d3712f2 elementor-widget elementor-widget-image\" data-id=\"d3712f2\" data-element_type=\"widget\" data-e-type=\"widget\" data-widget_type=\"image.default\">\n\t\t\t\t<div class=\"elementor-widget-container\">\n\t\t\t\t\t\t\t\t\t\t\t\t\t\t\t<img decoding=\"async\" width=\"131\" height=\"130\" src=\"https:\/\/www.dr-lema.de\/wp-content\/uploads\/2021\/02\/Spritze.png\" class=\"attachment-large size-large wp-image-10841\" alt=\"\" \/>\t\t\t\t\t\t\t\t\t\t\t\t\t\t\t<\/div>\n\t\t\t\t<\/div>\n\t\t\t\t<div class=\"elementor-element elementor-element-c22cb56 elementor-widget elementor-widget-text-editor\" data-id=\"c22cb56\" data-element_type=\"widget\" data-e-type=\"widget\" data-widget_type=\"text-editor.default\">\n\t\t\t\t<div class=\"elementor-widget-container\">\n\t\t\t\t\t\t\t\t\t<p style=\"text-align: center;\"><strong>STABILIZATION<br \/><\/strong>not required<\/p>\t\t\t\t\t\t\t\t<\/div>\n\t\t\t\t<\/div>\n\t\t\t\t\t<\/div>\n\t\t<\/div>\n\t\t\t\t<div class=\"elementor-column elementor-col-16 elementor-top-column elementor-element elementor-element-ddfcdd8\" data-id=\"ddfcdd8\" data-element_type=\"column\" data-e-type=\"column\">\n\t\t\t<div class=\"elementor-widget-wrap elementor-element-populated\">\n\t\t\t\t\t\t<div class=\"elementor-element elementor-element-ee43c4b elementor-widget elementor-widget-image\" data-id=\"ee43c4b\" data-element_type=\"widget\" data-e-type=\"widget\" data-widget_type=\"image.default\">\n\t\t\t\t<div class=\"elementor-widget-container\">\n\t\t\t\t\t\t\t\t\t\t\t\t\t\t\t<img decoding=\"async\" width=\"131\" height=\"130\" src=\"https:\/\/www.dr-lema.de\/wp-content\/uploads\/2021\/02\/Dauer.png\" class=\"attachment-large size-large wp-image-10837\" alt=\"\" \/>\t\t\t\t\t\t\t\t\t\t\t\t\t\t\t<\/div>\n\t\t\t\t<\/div>\n\t\t\t\t<div class=\"elementor-element elementor-element-c069de8 elementor-widget elementor-widget-text-editor\" data-id=\"c069de8\" data-element_type=\"widget\" data-e-type=\"widget\" data-widget_type=\"text-editor.default\">\n\t\t\t\t<div class=\"elementor-widget-container\">\n\t\t\t\t\t\t\t\t\t<p style=\"text-align: center;\"><strong>DURATION<br \/><\/strong>15 minutes per zone<\/p>\t\t\t\t\t\t\t\t<\/div>\n\t\t\t\t<\/div>\n\t\t\t\t\t<\/div>\n\t\t<\/div>\n\t\t\t\t<div class=\"elementor-column elementor-col-16 elementor-top-column elementor-element elementor-element-9ee4951\" data-id=\"9ee4951\" data-element_type=\"column\" data-e-type=\"column\">\n\t\t\t<div class=\"elementor-widget-wrap elementor-element-populated\">\n\t\t\t\t\t\t<div class=\"elementor-element elementor-element-965a639 elementor-widget elementor-widget-image\" data-id=\"965a639\" data-element_type=\"widget\" data-e-type=\"widget\" data-widget_type=\"image.default\">\n\t\t\t\t<div class=\"elementor-widget-container\">\n\t\t\t\t\t\t\t\t\t\t\t\t\t\t\t<img decoding=\"async\" width=\"131\" height=\"130\" src=\"https:\/\/www.dr-lema.de\/wp-content\/uploads\/2021\/02\/Schmerzen.png\" class=\"attachment-large size-large wp-image-10840\" alt=\"\" \/>\t\t\t\t\t\t\t\t\t\t\t\t\t\t\t<\/div>\n\t\t\t\t<\/div>\n\t\t\t\t<div class=\"elementor-element elementor-element-983488e elementor-widget elementor-widget-text-editor\" data-id=\"983488e\" data-element_type=\"widget\" data-e-type=\"widget\" data-widget_type=\"text-editor.default\">\n\t\t\t\t<div class=\"elementor-widget-container\">\n\t\t\t\t\t\t\t\t\t<p style=\"text-align: center;\"><strong>PAIN<br \/><\/strong>Low<\/p>\t\t\t\t\t\t\t\t<\/div>\n\t\t\t\t<\/div>\n\t\t\t\t\t<\/div>\n\t\t<\/div>\n\t\t\t\t<div class=\"elementor-column elementor-col-16 elementor-top-column elementor-element elementor-element-5080242\" data-id=\"5080242\" data-element_type=\"column\" data-e-type=\"column\">\n\t\t\t<div class=\"elementor-widget-wrap elementor-element-populated\">\n\t\t\t\t\t\t<div class=\"elementor-element elementor-element-f768046 elementor-widget elementor-widget-image\" data-id=\"f768046\" data-element_type=\"widget\" data-e-type=\"widget\" data-widget_type=\"image.default\">\n\t\t\t\t<div class=\"elementor-widget-container\">\n\t\t\t\t\t\t\t\t\t\t\t\t\t\t\t<img loading=\"lazy\" decoding=\"async\" width=\"131\" height=\"130\" src=\"https:\/\/www.dr-lema.de\/wp-content\/uploads\/2021\/02\/Haltbarkeit.png\" class=\"attachment-large size-large wp-image-10839\" alt=\"\" \/>\t\t\t\t\t\t\t\t\t\t\t\t\t\t\t<\/div>\n\t\t\t\t<\/div>\n\t\t\t\t<div class=\"elementor-element elementor-element-f4390c3 elementor-widget elementor-widget-text-editor\" data-id=\"f4390c3\" data-element_type=\"widget\" data-e-type=\"widget\" data-widget_type=\"text-editor.default\">\n\t\t\t\t<div class=\"elementor-widget-container\">\n\t\t\t\t\t\t\t\t\t<p style=\"text-align: center;\"><strong>DURABILITY<br \/><\/strong>approx. 3 months<\/p>\t\t\t\t\t\t\t\t<\/div>\n\t\t\t\t<\/div>\n\t\t\t\t\t<\/div>\n\t\t<\/div>\n\t\t\t\t<div class=\"elementor-column elementor-col-16 elementor-top-column elementor-element elementor-element-5e035c2\" data-id=\"5e035c2\" data-element_type=\"column\" data-e-type=\"column\">\n\t\t\t<div class=\"elementor-widget-wrap elementor-element-populated\">\n\t\t\t\t\t\t<div class=\"elementor-element elementor-element-ccc25be elementor-widget elementor-widget-image\" data-id=\"ccc25be\" data-element_type=\"widget\" data-e-type=\"widget\" data-widget_type=\"image.default\">\n\t\t\t\t<div class=\"elementor-widget-container\">\n\t\t\t\t\t\t\t\t\t\t\t\t\t\t\t<img loading=\"lazy\" decoding=\"async\" width=\"131\" height=\"130\" src=\"https:\/\/www.dr-lema.de\/wp-content\/uploads\/2021\/02\/GFF.png\" class=\"attachment-large size-large wp-image-10838\" alt=\"\" \/>\t\t\t\t\t\t\t\t\t\t\t\t\t\t\t<\/div>\n\t\t\t\t<\/div>\n\t\t\t\t<div class=\"elementor-element elementor-element-d8ce1cb elementor-widget elementor-widget-text-editor\" data-id=\"d8ce1cb\" data-element_type=\"widget\" data-e-type=\"widget\" data-widget_type=\"text-editor.default\">\n\t\t\t\t<div class=\"elementor-widget-container\">\n\t\t\t\t\t\t\t\t\t<p style=\"text-align: center;\"><strong>SOCIALLY ACCEPTABLE<br \/><\/strong>Immediately<\/p>\t\t\t\t\t\t\t\t<\/div>\n\t\t\t\t<\/div>\n\t\t\t\t\t<\/div>\n\t\t<\/div>\n\t\t\t\t<div class=\"elementor-column elementor-col-16 elementor-top-column elementor-element elementor-element-1d5cffa\" data-id=\"1d5cffa\" data-element_type=\"column\" data-e-type=\"column\">\n\t\t\t<div class=\"elementor-widget-wrap\">\n\t\t\t\t\t\t\t<\/div>\n\t\t<\/div>\n\t\t\t\t\t<\/div>\n\t\t<\/section>\n\t\t\t\t<section class=\"elementor-section elementor-top-section elementor-element elementor-element-1468528 elementor-section-boxed elementor-section-height-default elementor-section-height-default\" data-id=\"1468528\" data-element_type=\"section\" data-e-type=\"section\">\n\t\t\t\t\t\t<div class=\"elementor-container elementor-column-gap-default\">\n\t\t\t\t\t<div class=\"elementor-column elementor-col-100 elementor-top-column elementor-element elementor-element-732ea83\" data-id=\"732ea83\" data-element_type=\"column\" data-e-type=\"column\">\n\t\t\t<div class=\"elementor-widget-wrap elementor-element-populated\">\n\t\t\t\t\t\t<div class=\"elementor-element elementor-element-f467230 elementor-widget elementor-widget-spacer\" data-id=\"f467230\" data-element_type=\"widget\" data-e-type=\"widget\" data-widget_type=\"spacer.default\">\n\t\t\t\t<div class=\"elementor-widget-container\">\n\t\t\t\t\t\t\t<div class=\"elementor-spacer\">\n\t\t\t<div class=\"elementor-spacer-inner\"><\/div>\n\t\t<\/div>\n\t\t\t\t\t\t<\/div>\n\t\t\t\t<\/div>\n\t\t\t\t<div class=\"elementor-element elementor-element-560478d elementor-widget elementor-widget-heading\" data-id=\"560478d\" data-element_type=\"widget\" data-e-type=\"widget\" data-widget_type=\"heading.default\">\n\t\t\t\t<div class=\"elementor-widget-container\">\n\t\t\t\t\t<h2 class=\"elementor-heading-title elementor-size-default\">Prices for treatment with botulinum<\/h2>\t\t\t\t<\/div>\n\t\t\t\t<\/div>\n\t\t\t\t<div class=\"elementor-element elementor-element-7361462 elementor-widget elementor-widget-text-editor\" data-id=\"7361462\" data-element_type=\"widget\" data-e-type=\"widget\" data-widget_type=\"text-editor.default\">\n\t\t\t\t<div class=\"elementor-widget-container\">\n\t\t\t\t\t\t\t\t\t<p>\n<table id=\"tablepress-1\" class=\"tablepress tablepress-id-1\">\n<thead>\n<tr class=\"row-1\">\n\t<td class=\"column-1\"><\/td><th class=\"column-2\">Price FULL*<\/th><th class=\"column-3\">Price LIGHT*<\/th>\n<\/tr>\n<\/thead>\n<tbody class=\"row-striping row-hover\">\n<tr class=\"row-2\">\n\t<td class=\"column-1\">Frown lines (glabella)<\/td><td class=\"column-2\">159 \u20ac<\/td><td class=\"column-3\">109 \u20ac<\/td>\n<\/tr>\n<tr class=\"row-3\">\n\t<td class=\"column-1\">Frown lines and forehead wrinkles<\/td><td class=\"column-2\">256 \u20ac<\/td><td class=\"column-3\">219 \u20ac<\/td>\n<\/tr>\n<tr class=\"row-4\">\n\t<td class=\"column-1\">Crow's feet \/ laugh lines<\/td><td class=\"column-2\">159 \u20ac<\/td><td class=\"column-3\">109 \u20ac<\/td>\n<\/tr>\n<tr class=\"row-5\">\n\t<td class=\"column-1\">Vertical upper lip wrinkles<\/td><td class=\"column-2\">80 \u20ac<\/td><td class=\"column-3\">n.a.<\/td>\n<\/tr>\n<tr class=\"row-6\">\n\t<td class=\"column-1\">Chin crease \/ strawberry chin<\/td><td class=\"column-2\">99 \u20ac<\/td><td class=\"column-3\">n.a.<\/td>\n<\/tr>\n<tr class=\"row-7\">\n\t<td class=\"column-1\">Turkey neck<\/td><td class=\"column-2\">229 \u20ac<\/td><td class=\"column-3\">119 \u20ac<\/td>\n<\/tr>\n<tr class=\"row-8\">\n\t<td class=\"column-1\">Brow Lift<\/td><td class=\"column-2\">80 \u20ac<\/td><td class=\"column-3\">n.a.<\/td>\n<\/tr>\n<tr class=\"row-9\">\n\t<td class=\"column-1\">Bunny Lines<\/td><td class=\"column-2\">80 \u20ac<\/td><td class=\"column-3\">n.a.<\/td>\n<\/tr>\n<tr class=\"row-10\">\n\t<td class=\"column-1\">Strawberry chin<\/td><td class=\"column-2\">99 \u20ac<\/td><td class=\"column-3\">n.a.<\/td>\n<\/tr>\n<tr class=\"row-11\">\n\t<td class=\"column-1\">Gummy Smile<\/td><td class=\"column-2\">119 \u20ac<\/td><td class=\"column-3\">n.a.<\/td>\n<\/tr>\n<tr class=\"row-12\">\n\t<td class=\"column-1\">Sweat glands<\/td><td class=\"column-2\">299 \u20ac<\/td><td class=\"column-3\">n.a.<\/td>\n<\/tr>\n<tr class=\"row-13\">\n\t<td class=\"column-1\">Masseter (bruxism)<\/td><td class=\"column-2\">229 \u20ac<\/td><td class=\"column-3\">n.a.<\/td>\n<\/tr>\n<tr class=\"row-14\">\n\t<td class=\"column-1\">Neck muscles\/Barbie Botox<\/td><td class=\"column-2\">299 \u20ac<\/td><td class=\"column-3\">n.a.<\/td>\n<\/tr>\n<tr class=\"row-15\">\n\t<td class=\"column-1\">Lip Flip<\/td><td class=\"column-2\">119 \u20ac<\/td><td class=\"column-3\">n.a.<\/td>\n<\/tr>\n<\/tbody>\n<\/table>\n<!-- #tablepress-1 from cache --><\/p><p>As wrinkle treatment is a so-called \"non-essential medical procedure\", the costs are unfortunately not covered by health insurance.<\/p><p>* The actual services are billed according to GO\u00c4<\/p><p>Find out more about the <a href=\"https:\/\/www.dr-lema.de\/en\/faltenbehandlung-botox-frankfurt\/\">Botox treatment in Frankfurt\u00a0<\/a><\/p>\t\t\t\t\t\t\t\t<\/div>\n\t\t\t\t<\/div>\n\t\t\t\t\t<\/div>\n\t\t<\/div>\n\t\t\t\t\t<\/div>\n\t\t<\/section>\n\t\t<div class=\"elementor-element elementor-element-83cb26b e-flex e-con-boxed e-con e-parent\" data-id=\"83cb26b\" data-element_type=\"container\" data-e-type=\"container\">\n\t\t\t\t\t<div class=\"e-con-inner\">\n\t\t\t\t<div class=\"elementor-element elementor-element-93b58a1 elementor-widget elementor-widget-text-editor\" data-id=\"93b58a1\" data-element_type=\"widget\" data-e-type=\"widget\" data-widget_type=\"text-editor.default\">\n\t\t\t\t<div class=\"elementor-widget-container\">\n\t\t\t\t\t\t\t\t\t<h2><strong>Botox in Frankfurt with Dr. Lema: Professional treatments for a fresh appearance<\/strong><\/h2><p>If you are looking for a safe and effective <a href=\"https:\/\/www.dr-lema.de\/en\/faltenbehandlung-botox-frankfurt\/\">Botox treatment in Frankfurt<\/a> you've come to the right place with Dr. Lema. Dr. Lema is a renowned specialist with many years of experience in the field of aesthetic medicine. Her practice in Frankfurt specializes in non-invasive treatments that rejuvenate and refresh your appearance without the need for surgery.<\/p>\t\t\t\t\t\t\t\t<\/div>\n\t\t\t\t<\/div>\n\t\t\t\t<div class=\"elementor-element elementor-element-f6522b5 elementor-widget elementor-widget-text-editor\" data-id=\"f6522b5\" data-element_type=\"widget\" data-e-type=\"widget\" data-widget_type=\"text-editor.default\">\n\t\t\t\t<div class=\"elementor-widget-container\">\n\t\t\t\t\t\t\t\t\t<h2><strong>Advantages of a Botox treatment with Dr. Lema in Frankfurt:<\/strong><\/h2><ul><li><strong>Experience and expertise:<\/strong> Dr. Lema has years of experience in Botox and wrinkle treatments, giving you a high level of confidence.<\/li><li><strong>Individual advice:<\/strong> Each treatment is tailored to your individual needs and wishes.<\/li><li><strong>Natural result:<\/strong> The aim is a fresh and relaxed look without a \"mask-like\" effect.<\/li><li><strong>Central location in Frankfurt:<\/strong> Your practice is conveniently located in the heart of Frankfurt.<\/li><\/ul><p>With <a href=\"https:\/\/www.dr-lema.de\/en\/faltenbehandlung-botox-frankfurt\/\">Botox in Frankfurt<\/a> At Dr. Lema, you can have your skin rejuvenated without having to sacrifice your natural facial expressions. Make an appointment for your personal consultation today!<\/p>\t\t\t\t\t\t\t\t<\/div>\n\t\t\t\t<\/div>\n\t\t\t\t\t<\/div>\n\t\t\t\t<\/div>\n\t\t\t\t<\/div>","protected":false},"excerpt":{"rendered":"<p>HOME &gt; Botox Frankfurt BOTULINUM HOME &gt; Botox Frankfurt Durch gezielte Funktionsschw\u00e4chung einzelner mimischer Muskel mit Botox wirkt das Gesicht deutlich entspannter und j\u00fcnger. Das gesamte Erscheinungsbild wirkt positiver und vermittelt Attraktivit\u00e4t und Leistungsf\u00e4higkeit.\u00a0 Entspannt Mimikmuskeln &amp; gl\u00e4ttet Falten Gegen Zornes-, Stirn-, Marionettenfalten &amp; Kr\u00e4henf\u00fc\u00dfen Gl\u00e4ttungseffekt nach nur wenigen Tagen Auch in Kombination mit Hyaluronbehandlung &hellip;<\/p>\n<p class=\"read-more\"> <a class=\"\" href=\"https:\/\/www.dr-lema.de\/en\/botox\/\"> <span class=\"screen-reader-text\">botulinum<\/span> Read More \"<\/a><\/p>","protected":false},"author":1,"featured_media":0,"parent":0,"menu_order":0,"comment_status":"closed","ping_status":"closed","template":"elementor_header_footer","meta":{"footnotes":""},"class_list":["post-10335","page","type-page","status-publish","hentry"],"_links":{"self":[{"href":"https:\/\/www.dr-lema.de\/en\/wp-json\/wp\/v2\/pages\/10335","targetHints":{"allow":["GET"]}}],"collection":[{"href":"https:\/\/www.dr-lema.de\/en\/wp-json\/wp\/v2\/pages"}],"about":[{"href":"https:\/\/www.dr-lema.de\/en\/wp-json\/wp\/v2\/types\/page"}],"author":[{"embeddable":true,"href":"https:\/\/www.dr-lema.de\/en\/wp-json\/wp\/v2\/users\/1"}],"replies":[{"embeddable":true,"href":"https:\/\/www.dr-lema.de\/en\/wp-json\/wp\/v2\/comments?post=10335"}],"version-history":[{"count":75,"href":"https:\/\/www.dr-lema.de\/en\/wp-json\/wp\/v2\/pages\/10335\/revisions"}],"predecessor-version":[{"id":15088,"href":"https:\/\/www.dr-lema.de\/en\/wp-json\/wp\/v2\/pages\/10335\/revisions\/15088"}],"wp:attachment":[{"href":"https:\/\/www.dr-lema.de\/en\/wp-json\/wp\/v2\/media?parent=10335"}],"curies":[{"name":"wp","href":"https:\/\/api.w.org\/{rel}","templated":true}]}}